{"id":84,"date":"2015-11-18T12:56:57","date_gmt":"2015-11-18T10:56:57","guid":{"rendered":"http:\/\/apartmanymaliarik.sk\/?page_id=84"},"modified":"2025-02-07T12:49:52","modified_gmt":"2025-02-07T10:49:52","slug":"ubytovanie","status":"publish","type":"page","link":"https:\/\/apartmanymaliarik.sk\/sk_sk\/ubytovanie\/","title":{"rendered":"PONUKA APARTM\u00c1NOV"},"content":{"rendered":"<section class=\"wpb-content-wrapper\"><div class=\"vc_row wpb_row vc_row-fluid\"><div class=\"wpb_column vc_column_container vc_col-sm-12\"><div class=\"vc_column-inner\"><div class=\"wpb_wrapper\">\n\t<div class=\"wpb_text_column wpb_content_element \" >\n\t\t<div class=\"wpb_wrapper\">\n\t\t\t<p>Celoro\u010dne V\u00e1m pon\u00fakame jednoduch\u00e9 ubytovanie v piatich apartm\u00e1noch s celkovou kapacitou 25 l\u00f4\u017eok vr\u00e1tane pr\u00edsteliek. V\u0161etky apartm\u00e1ny s\u00fa rovnako zariaden\u00e9. Ka\u017ed\u00fd m\u00e1 42m2 + 5m2 balk\u00f3n orientovan\u00fd na z\u00e1pad s\u00a0v\u00fdh\u013eadom na vrcholy okolit\u00fdch kopcov.<br \/>\nPohodlie si m\u00f4\u017eete dopria\u0165 v dvoch bezbari\u00e9rov\u00fdch a troch klasick\u00fdch apartm\u00e1noch s kapacitou pre 4 a\u017e 5 os\u00f4b. Sp\u00e1l\u0148a s ve\u013ekou man\u017eelskou poste\u013eou a mo\u017enos\u0165ou pr\u00edstelky.\u00a0 Ob\u00fdvacia miestnos\u0165 spojen\u00e1 s\u00a0kuchy\u0148ou a\u00a0balk\u00f3nom. Dve l\u00f4\u017eka vo forme rozkladacieho gau\u010da, mo\u017enos\u0165 zapo\u017ei\u010dania detskej postie\u013eky. Na pr\u00edpravu chutn\u00fdch jed\u00e1l sl\u00fa\u017ei plne zariaden\u00e1 kuchy\u0148a s keramickou varnou doskou, chladni\u010dkou, mikrovlnnou r\u00farou, r\u00fdchlovarnou kanvicou, hriankova\u010dom a k\u00e1vovarom Dolce Gusto (sta\u010d\u00ed si prinies\u0165 kapsule), kompletn\u00fdm kuchynsk\u00fdm riadom a jed\u00e1lensk\u00fdm poseden\u00edm. K\u00fape\u013e\u0148a s\u00a0WC a bezbari\u00e9rov\u00fdm sprchov\u00fdm k\u00fatom.<br \/>\nNa bezpe\u010dn\u00e9 odlo\u017eenie \u0161portovej v\u00fdbavy sl\u00fa\u017ei priestor ly\u017eiarne, pr\u00edpadne \u00faschovne na bicykle, so zamykac\u00edmi boxami\u00a0na ly\u017ee a\u00a0snowboardy. Slne\u010dn\u00e1 terasa s alt\u00e1nkom pre v\u0161etky apartm\u00e1ny\u00a0 poskytuje pr\u00edjemn\u00e9 posedenie v lete aj zime.<br \/>\nDokonal\u00fa atmosf\u00e9ru poskytuje priv\u00e1tne wellness s v\u00edrivkou, f\u00ednskou saunou a oddychov\u00fa z\u00f3nou.<br \/>\nParkovanie zadarmo priamo pri ubytovan\u00ed.<br \/>\nV\u00a0tesnej bl\u00edzkosti ubytovania sa nach\u00e1dzaj\u00fa viacer\u00e9 mo\u017enosti celodenn\u00e9ho stravovania, slu\u017eby ly\u017eiarskej \u0161koly, \u010di obchody so suven\u00edrmi a\u00a0\u0161portov\u00fdmi potrebami.<\/p>\n<p><strong>VYBAVENIE APARTM\u00c1NU<br \/>\n<\/strong>&#8211; Predsie\u0148 \u2013 \u0161atn\u00edkov\u00e1 skri\u0148a, ve\u0161iakov\u00e1 stena, zrkadlo<br \/>\n&#8211; K\u00fape\u013e\u0148a \u2013 WC a sprchovac\u00ed k\u00fat, radi\u00e1tor, poli\u010dky, f\u00e9n, pom\u00f4cky na upratovanie<br \/>\n&#8211; Sp\u00e1l\u0148a \u2013 man\u017eelsk\u00e1 poste\u013e, rolldor, pracovn\u00fd stol\u00edk, stoli\u010dka<br \/>\n&#8211; Ob\u00fdva\u010dka \u2013 rozkladac\u00ed gau\u010d pre 2 osoby, n\u00e1bytok, TV<br \/>\n&#8211; Kuchy\u0148a \u2013 st\u00f4l so \u0161tyrmi stoli\u010dkami, elektrick\u00e1 varn\u00e1 doska, mikrovlnn\u00e1 r\u00fara, varn\u00e1 kanvica, chladni\u010dka, hriankova\u010d, termoska, k\u00e1vovar Dolce Gusto, kuchynsk\u00fd riad a kompletn\u00e9 vybavenie pre varenie<br \/>\n&#8211; Balk\u00f3n \u2013 men\u0161\u00ed stol\u00edk s dvoma stoli\u010dkami<\/p>\n\n\t\t<\/div>\n\t<\/div>\n<\/div><\/div><\/div><\/div><div class=\"vc_row wpb_row vc_row-fluid\"><div class=\"wpb_column vc_column_container vc_col-sm-12\"><div class=\"vc_column-inner\"><div class=\"wpb_wrapper\">\n\t<div  class=\"wpb_single_image wpb_content_element vc_align_center  vc_custom_1738925363737\">\n\t\t\n\t\t<figure class=\"wpb_wrapper vc_figure\">\n\t\t\t<div class=\"vc_single_image-wrapper   vc_box_border_grey\"><img loading=\"lazy\" decoding=\"async\" width=\"1000\" height=\"666\" src=\"https:\/\/apartmanymaliarik.sk\/wp-content\/uploads\/2025\/02\/booking-oznacenie.jpg\" class=\"vc_single_image-img attachment-large\" alt=\"\" title=\"booking-oznacenie\" srcset=\"https:\/\/apartmanymaliarik.sk\/wp-content\/uploads\/2025\/02\/booking-oznacenie.jpg 1000w, https:\/\/apartmanymaliarik.sk\/wp-content\/uploads\/2025\/02\/booking-oznacenie-300x200.jpg 300w, https:\/\/apartmanymaliarik.sk\/wp-content\/uploads\/2025\/02\/booking-oznacenie-768x511.jpg 768w, https:\/\/apartmanymaliarik.sk\/wp-content\/uploads\/2025\/02\/booking-oznacenie-18x12.jpg 18w, https:\/\/apartmanymaliarik.sk\/wp-content\/uploads\/2025\/02\/booking-oznacenie-100x67.jpg 100w, https:\/\/apartmanymaliarik.sk\/wp-content\/uploads\/2025\/02\/booking-oznacenie-600x400.jpg 600w\" sizes=\"auto, (max-width: 1000px) 100vw, 1000px\" \/><\/div>\n\t\t<\/figure>\n\t<\/div>\n<\/div><\/div><\/div><\/div>\n<\/section>","protected":false},"excerpt":{"rendered":"Celoro\u010dne V\u00e1m pon\u00fakame jednoduch\u00e9 ubytovanie v piatich apartm\u00e1noch s celkovou kapacitou 25 l\u00f4\u017eok vr\u00e1tane pr\u00edsteliek. V\u0161etky apartm\u00e1ny s\u00fa rovnako zariaden\u00e9. Ka\u017ed\u00fd m\u00e1 42m2 + 5m2 balk\u00f3n orientovan\u00fd na z\u00e1pad s\u00a0v\u00fdh\u013eadom na vrcholy okolit\u00fdch kopcov. Pohodlie si m\u00f4\u017eete dopria\u0165 v dvoch bezbari\u00e9rov\u00fdch a troch klasick\u00fdch apartm\u00e1noch s kapacitou pre 4 a\u017e 5 os\u00f4b. Sp\u00e1l\u0148a s ve\u013ekou<a href=\"https:\/\/apartmanymaliarik.sk\/sk_sk\/ubytovanie\/\" class=\"sohohotel-more-link\">Read More<\/a>","protected":false},"author":1,"featured_media":0,"parent":0,"menu_order":0,"comment_status":"closed","ping_status":"closed","template":"","meta":{"footnotes":""},"class_list":["post-84","page","type-page","status-publish","hentry"],"_links":{"self":[{"href":"https:\/\/apartmanymaliarik.sk\/sk_sk\/wp-json\/wp\/v2\/pages\/84","targetHints":{"allow":["GET"]}}],"collection":[{"href":"https:\/\/apartmanymaliarik.sk\/sk_sk\/wp-json\/wp\/v2\/pages"}],"about":[{"href":"https:\/\/apartmanymaliarik.sk\/sk_sk\/wp-json\/wp\/v2\/types\/page"}],"author":[{"embeddable":true,"href":"https:\/\/apartmanymaliarik.sk\/sk_sk\/wp-json\/wp\/v2\/users\/1"}],"replies":[{"embeddable":true,"href":"https:\/\/apartmanymaliarik.sk\/sk_sk\/wp-json\/wp\/v2\/comments?post=84"}],"version-history":[{"count":7,"href":"https:\/\/apartmanymaliarik.sk\/sk_sk\/wp-json\/wp\/v2\/pages\/84\/revisions"}],"predecessor-version":[{"id":10527,"href":"https:\/\/apartmanymaliarik.sk\/sk_sk\/wp-json\/wp\/v2\/pages\/84\/revisions\/10527"}],"wp:attachment":[{"href":"https:\/\/apartmanymaliarik.sk\/sk_sk\/wp-json\/wp\/v2\/media?parent=84"}],"curies":[{"name":"wp","href":"https:\/\/api.w.org\/{rel}","templated":true}]}}