{"id":403,"date":"2017-01-15T13:54:43","date_gmt":"2017-01-15T11:54:43","guid":{"rendered":"http:\/\/apartmanymaliarik.sk\/?page_id=403"},"modified":"2025-09-18T10:11:08","modified_gmt":"2025-09-18T08:11:08","slug":"obsadenost","status":"publish","type":"page","link":"https:\/\/apartmanymaliarik.sk\/sk_sk\/obsadenost\/","title":{"rendered":"OBSADENOS\u0164"},"content":{"rendered":"<section class=\"wpb-content-wrapper\"><div class=\"vc_row wpb_row vc_row-fluid\"><div class=\"wpb_column vc_column_container vc_col-sm-6\"><div class=\"vc_column-inner\"><div class=\"wpb_wrapper\">\n\t<div class=\"wpb_text_column wpb_content_element \" >\n\t\t<div class=\"wpb_wrapper\">\n\t\t\t<div>\n<h3 style=\"text-align: center;\">APARTM\u00c1N 1<\/h3>\n<\/div>\n<div style=\"position: relative; padding-bottom: 75%; height: 0; overflow: hidden;\"><iframe style=\"position: absolute; top: 0; left: 0; width: 100%; height: 100%;\" src=\"https:\/\/calendar.google.com\/calendar\/embed?src=NWZuMm5nbGN1ZHBzZDBkazh0ZGtocXBnc29AZ3JvdXAuY2FsZW5kYXIuZ29vZ2xlLmNvbQ&amp;color=%230D7813\" frameborder=\"0\" scrolling=\"no\"><\/iframe><\/div>\n\n\t\t<\/div>\n\t<\/div>\n<\/div><\/div><\/div><div class=\"wpb_column vc_column_container vc_col-sm-6\"><div class=\"vc_column-inner\"><div class=\"wpb_wrapper\">\n\t<div class=\"wpb_text_column wpb_content_element \" >\n\t\t<div class=\"wpb_wrapper\">\n\t\t\t<div>\n<h3 style=\"text-align: center;\">APARTM\u00c1N 4<\/h3>\n<\/div>\n<div style=\"position: relative; padding-bottom: 75%; height: 0; overflow: hidden;\"><iframe style=\"position: absolute; top: 0; left: 0; width: 100%; height: 100%;\" src=\"https:\/\/calendar.google.com\/calendar\/embed?src=OG5nN2NsZzBndGRtczJpcmFpaDh1N2o2YzBAZ3JvdXAuY2FsZW5kYXIuZ29vZ2xlLmNvbQ&amp;color=%23FBBC05\" frameborder=\"0\" scrolling=\"no\"><\/iframe><\/div>\n\n\t\t<\/div>\n\t<\/div>\n<\/div><\/div><\/div><\/div><div class=\"vc_row wpb_row vc_row-fluid vc_custom_1739875053964 vc_row-has-fill\"><div class=\"wpb_column vc_column_container vc_col-sm-6\"><div class=\"vc_column-inner\"><div class=\"wpb_wrapper\">\n\t<div class=\"wpb_text_column wpb_content_element \" >\n\t\t<div class=\"wpb_wrapper\">\n\t\t\t<div>\n<h3 style=\"text-align: center;\">APARTM\u00c1N 5<\/h3>\n<\/div>\n<div style=\"position: relative; padding-bottom: 75%; height: 0; overflow: hidden;\"><iframe style=\"position: absolute; top: 0; left: 0; width: 100%; height: 100%;\" src=\"https:\/\/calendar.google.com\/calendar\/embed?src=amFnYWxycnZpamhndmxldHJidnEzZjFjb3NAZ3JvdXAuY2FsZW5kYXIuZ29vZ2xlLmNvbQ&amp;color=%235229A3\" frameborder=\"0\" scrolling=\"no\"><\/iframe><\/div>\n\n\t\t<\/div>\n\t<\/div>\n<\/div><\/div><\/div><div class=\"wpb_column vc_column_container vc_col-sm-6\"><div class=\"vc_column-inner\"><div class=\"wpb_wrapper\">\n\t<div class=\"wpb_text_column wpb_content_element \" >\n\t\t<div class=\"wpb_wrapper\">\n\t\t\t<div>\n<h3 style=\"text-align: center;\">APARTM\u00c1N 6<\/h3>\n<\/div>\n<div style=\"position: relative; padding-bottom: 75%; height: 0; overflow: hidden;\"><iframe style=\"position: absolute; top: 0; left: 0; width: 100%; height: 100%;\" src=\"https:\/\/calendar.google.com\/calendar\/embed?src=YnFuYWtsb3V1NXY0bWZ2dTI4MnRwbWxzM29AZ3JvdXAuY2FsZW5kYXIuZ29vZ2xlLmNvbQ&amp;color=%2340E0D0\" frameborder=\"0\" scrolling=\"no\"><\/iframe><\/div>\n\n\t\t<\/div>\n\t<\/div>\n<\/div><\/div><\/div><\/div><div class=\"vc_row wpb_row vc_row-fluid\"><div class=\"wpb_column vc_column_container vc_col-sm-6\"><div class=\"vc_column-inner\"><div class=\"wpb_wrapper\">\n\t<div class=\"wpb_text_column wpb_content_element  vc_custom_1758183063244\" >\n\t\t<div class=\"wpb_wrapper\">\n\t\t\t<div>\n<h3 style=\"text-align: center;\">APARTM\u00c1N 7<\/h3>\n<\/div>\n<div style=\"position: relative; padding-bottom: 75%; height: 0; overflow: hidden;\"><iframe style=\"position: absolute; top: 0; left: 0; width: 100%; height: 100%;\" src=\"https:\/\/calendar.google.com\/calendar\/embed?src=ZDYxM3U2dTVocGE4YTAyb24zY285b2Y4NmdAZ3JvdXAuY2FsZW5kYXIuZ29vZ2xlLmNvbQ&amp;color=%23039BE5\" frameborder=\"0\" scrolling=\"no\"><\/iframe><\/div>\n\n\t\t<\/div>\n\t<\/div>\n<\/div><\/div><\/div><div class=\"wpb_column vc_column_container vc_col-sm-6\"><div class=\"vc_column-inner\"><div class=\"wpb_wrapper\"><\/div><\/div><\/div><\/div>\n<\/section>","protected":false},"excerpt":{"rendered":"APARTM\u00c1N 1 APARTM\u00c1N 4 APARTM\u00c1N 5 APARTM\u00c1N 6 APARTM\u00c1N 7<a href=\"https:\/\/apartmanymaliarik.sk\/sk_sk\/obsadenost\/\" class=\"sohohotel-more-link\">Read More<\/a>","protected":false},"author":2,"featured_media":0,"parent":0,"menu_order":0,"comment_status":"closed","ping_status":"closed","template":"","meta":{"footnotes":""},"class_list":["post-403","page","type-page","status-publish","hentry"],"_links":{"self":[{"href":"https:\/\/apartmanymaliarik.sk\/sk_sk\/wp-json\/wp\/v2\/pages\/403","targetHints":{"allow":["GET"]}}],"collection":[{"href":"https:\/\/apartmanymaliarik.sk\/sk_sk\/wp-json\/wp\/v2\/pages"}],"about":[{"href":"https:\/\/apartmanymaliarik.sk\/sk_sk\/wp-json\/wp\/v2\/types\/page"}],"author":[{"embeddable":true,"href":"https:\/\/apartmanymaliarik.sk\/sk_sk\/wp-json\/wp\/v2\/users\/2"}],"replies":[{"embeddable":true,"href":"https:\/\/apartmanymaliarik.sk\/sk_sk\/wp-json\/wp\/v2\/comments?post=403"}],"version-history":[{"count":7,"href":"https:\/\/apartmanymaliarik.sk\/sk_sk\/wp-json\/wp\/v2\/pages\/403\/revisions"}],"predecessor-version":[{"id":10762,"href":"https:\/\/apartmanymaliarik.sk\/sk_sk\/wp-json\/wp\/v2\/pages\/403\/revisions\/10762"}],"wp:attachment":[{"href":"https:\/\/apartmanymaliarik.sk\/sk_sk\/wp-json\/wp\/v2\/media?parent=403"}],"curies":[{"name":"wp","href":"https:\/\/api.w.org\/{rel}","templated":true}]}}