{"id":243,"date":"2016-06-27T12:17:56","date_gmt":"2016-06-27T10:17:56","guid":{"rendered":"http:\/\/apartmanymaliarik.sk\/?page_id=243"},"modified":"2024-11-15T12:46:03","modified_gmt":"2024-11-15T10:46:03","slug":"historia","status":"publish","type":"page","link":"https:\/\/apartmanymaliarik.sk\/sk_sk\/aktivity\/historia\/","title":{"rendered":"HIST\u00d3RIA"},"content":{"rendered":"<p>V\u00edtame V\u00e1s v jednom z najkraj\u0161\u00edch a pre turistov najzauj\u00edmavej\u0161\u00edch regi\u00f3nov Slovenska. Regi\u00f3n Liptov pon\u00faka \u0161irok\u00fa paletu mo\u017enost\u00ed a nespo\u010detn\u00e9 mno\u017estvo turistick\u00fdch, \u0161portov\u00fdch a kult\u00farnych aktiv\u00edt.<\/p>\n<p>Apartm\u00e1nov\u00fd dom Maliarik vznikol ako spolo\u010dn\u00fd projekt rodiny\u00a0Barbierikovej a Nankyovej. Jeho \u00famyslom je pon\u00faknu\u0165 V\u00e1m svoje slu\u017eby v\u00a0\u0161pecifickom prostred\u00ed, ktor\u00e9 si ob\u013e\u00fabite a\u00a0budete sa tu c\u00edti\u0165 ako doma.<\/p>\n<p>Poskytovanie slu\u017eieb v\u00a0oblasti cestovn\u00e9ho ruchu n\u00e1\u0161ho apartm\u00e1noveho\u00a0 domu je pokra\u010dovan\u00edm hoteliersko-re\u0161taura\u010dnej trad\u00edcie Pavla Maliarika v\u00a0Jasnej. Star\u00fd otec jedn\u00e9ho z\u00a0majite\u013eov tohto apartm\u00e1nov\u00e9ho domu bol\u00a0 v\u00a0medzivojnovom obdob\u00ed 20.storo\u010dia jedn\u00fdm z\u00a0prv\u00fdch hoteli\u00e9rov a\u00a0spoluzakladate\u013eom poskytovania re\u0161taura\u010dn\u00fdch slu\u017eieb v\u00a0Dem\u00e4novskej Doline. Jeho ubytovacie zariadenie a\u00a0Re\u0161taur\u00e1cia Pavla Maliarika pon\u00fakali prv\u00fdm priekopn\u00edkom letnej turistiky a\u00a0zjazdov\u00e9ho ly\u017eovania v\u00a0Jasnej pr\u00edjemn\u00e9 ubytovanie a\u00a0chutn\u00e9 jedl\u00e1 po cel\u00fd rok.<\/p>\n<p>Sna\u017e\u00edme sa v rekrea\u010dn\u00fdch slu\u017eb\u00e1ch pokra\u010dova\u0165 a poskytova\u0165 pr\u00edjemn\u00e9 rodinn\u00e9 ubytovanie, kde sa na\u0161i hostia radi vracaj\u00fa.<\/p>\n<p>Te\u0161\u00edme sa na va\u0161u n\u00e1v\u0161tevu.<\/p>\n","protected":false},"excerpt":{"rendered":"<p>V\u00edtame V\u00e1s v jednom z najkraj\u0161\u00edch a pre turistov najzauj\u00edmavej\u0161\u00edch regi\u00f3nov Slovenska. Regi\u00f3n Liptov pon\u00faka \u0161irok\u00fa paletu mo\u017enost\u00ed a nespo\u010detn\u00e9 mno\u017estvo turistick\u00fdch, \u0161portov\u00fdch a kult\u00farnych aktiv\u00edt. Apartm\u00e1nov\u00fd dom Maliarik vznikol ako spolo\u010dn\u00fd projekt rodiny\u00a0Barbierikovej a Nankyovej. Jeho \u00famyslom je pon\u00faknu\u0165 V\u00e1m svoje slu\u017eby v\u00a0\u0161pecifickom prostred\u00ed, ktor\u00e9 si ob\u013e\u00fabite a\u00a0budete sa tu c\u00edti\u0165 ako doma. Poskytovanie<\/p>\n<a href=\"https:\/\/apartmanymaliarik.sk\/sk_sk\/aktivity\/historia\/\" class=\"sohohotel-more-link\">Read More<\/a>","protected":false},"author":2,"featured_media":0,"parent":115,"menu_order":0,"comment_status":"closed","ping_status":"closed","template":"","meta":{"footnotes":""},"class_list":["post-243","page","type-page","status-publish","hentry"],"_links":{"self":[{"href":"https:\/\/apartmanymaliarik.sk\/sk_sk\/wp-json\/wp\/v2\/pages\/243","targetHints":{"allow":["GET"]}}],"collection":[{"href":"https:\/\/apartmanymaliarik.sk\/sk_sk\/wp-json\/wp\/v2\/pages"}],"about":[{"href":"https:\/\/apartmanymaliarik.sk\/sk_sk\/wp-json\/wp\/v2\/types\/page"}],"author":[{"embeddable":true,"href":"https:\/\/apartmanymaliarik.sk\/sk_sk\/wp-json\/wp\/v2\/users\/2"}],"replies":[{"embeddable":true,"href":"https:\/\/apartmanymaliarik.sk\/sk_sk\/wp-json\/wp\/v2\/comments?post=243"}],"version-history":[{"count":6,"href":"https:\/\/apartmanymaliarik.sk\/sk_sk\/wp-json\/wp\/v2\/pages\/243\/revisions"}],"predecessor-version":[{"id":10455,"href":"https:\/\/apartmanymaliarik.sk\/sk_sk\/wp-json\/wp\/v2\/pages\/243\/revisions\/10455"}],"up":[{"embeddable":true,"href":"https:\/\/apartmanymaliarik.sk\/sk_sk\/wp-json\/wp\/v2\/pages\/115"}],"wp:attachment":[{"href":"https:\/\/apartmanymaliarik.sk\/sk_sk\/wp-json\/wp\/v2\/media?parent=243"}],"curies":[{"name":"wp","href":"https:\/\/api.w.org\/{rel}","templated":true}]}}