{"id":218,"date":"2016-01-19T22:25:38","date_gmt":"2016-01-19T20:25:38","guid":{"rendered":"http:\/\/apartmanymaliarik.sk\/?page_id=218"},"modified":"2025-01-31T12:22:50","modified_gmt":"2025-01-31T10:22:50","slug":"informacie-k-ubytovaniu","status":"publish","type":"page","link":"https:\/\/apartmanymaliarik.sk\/sk_sk\/informacie-k-ubytovaniu\/","title":{"rendered":"INFORM\u00c1CIE K UBYTOVANIU"},"content":{"rendered":"<section class=\"wpb-content-wrapper\"><div class=\"vc_row wpb_row vc_row-fluid\"><div class=\"wpb_column vc_column_container vc_col-sm-12\"><div class=\"vc_column-inner\"><div class=\"wpb_wrapper\">\n\t<div class=\"wpb_text_column wpb_content_element \" >\n\t\t<div class=\"wpb_wrapper\">\n\t\t\t<p>Treba nap\u00edsa\u0165 email na <a href=\"mailto:info@apartmanymaliarik.sk\">info@apartmanymaliarik.sk<\/a> alebo vola\u0165\u00a0prev\u00e1dzkara <strong>+421 903 422\u00a0237<\/strong>.<br \/>\nV\u0161etky potrebn\u00e9 inform\u00e1cie V\u00e1m bud\u00fa zaslan\u00e9.<br \/>\nObjekt nem\u00e1 st\u00e1lu recepciu, otvor\u00edte si k\u013e\u00fa\u010dmi, ktor\u00e9 s\u00fa ulo\u017een\u00e9 v boxoch pri vstupn\u00fdch dver\u00e1ch. K\u00f3d dostanete spolu s ostatn\u00fdmi inform\u00e1ciami do mailu. Apartm\u00e1n sa po\u010das V\u00e1\u0161ho pobytu neuprat\u00e1va, pr\u00e1dlo sa nemen\u00ed, treba si udr\u017eiava\u0165 poriadok. M\u00e1te rezervovan\u00e9 1 parkovacie miesto na 1 apartm\u00e1n. Pokia\u013e pr\u00eddete viacer\u00fdmi autami, je zak\u00e1zan\u00e9 obsadi\u0165 susedn\u00e9 miesto. Ubytovanie zvierat nie je povolen\u00e9. Faj\u010di\u0165 vn\u00fatri zak\u00e1zan\u00e9.<\/p>\n\n\t\t<\/div>\n\t<\/div>\n<\/div><\/div><\/div><\/div>\n<\/section>","protected":false},"excerpt":{"rendered":"Treba nap\u00edsa\u0165 email na info@apartmanymaliarik.sk alebo vola\u0165\u00a0prev\u00e1dzkara +421 903 422\u00a0237. V\u0161etky potrebn\u00e9 inform\u00e1cie V\u00e1m bud\u00fa zaslan\u00e9. Objekt nem\u00e1 st\u00e1lu recepciu, otvor\u00edte si k\u013e\u00fa\u010dmi, ktor\u00e9 s\u00fa ulo\u017een\u00e9 v boxoch pri vstupn\u00fdch dver\u00e1ch. K\u00f3d dostanete spolu s ostatn\u00fdmi inform\u00e1ciami do mailu. Apartm\u00e1n sa po\u010das V\u00e1\u0161ho pobytu neuprat\u00e1va, pr\u00e1dlo sa nemen\u00ed, treba si udr\u017eiava\u0165 poriadok. M\u00e1te rezervovan\u00e9 1<a href=\"https:\/\/apartmanymaliarik.sk\/sk_sk\/informacie-k-ubytovaniu\/\" class=\"sohohotel-more-link\">Read More<\/a>","protected":false},"author":1,"featured_media":0,"parent":0,"menu_order":0,"comment_status":"closed","ping_status":"closed","template":"","meta":{"footnotes":""},"class_list":["post-218","page","type-page","status-publish","hentry"],"_links":{"self":[{"href":"https:\/\/apartmanymaliarik.sk\/sk_sk\/wp-json\/wp\/v2\/pages\/218","targetHints":{"allow":["GET"]}}],"collection":[{"href":"https:\/\/apartmanymaliarik.sk\/sk_sk\/wp-json\/wp\/v2\/pages"}],"about":[{"href":"https:\/\/apartmanymaliarik.sk\/sk_sk\/wp-json\/wp\/v2\/types\/page"}],"author":[{"embeddable":true,"href":"https:\/\/apartmanymaliarik.sk\/sk_sk\/wp-json\/wp\/v2\/users\/1"}],"replies":[{"embeddable":true,"href":"https:\/\/apartmanymaliarik.sk\/sk_sk\/wp-json\/wp\/v2\/comments?post=218"}],"version-history":[{"count":6,"href":"https:\/\/apartmanymaliarik.sk\/sk_sk\/wp-json\/wp\/v2\/pages\/218\/revisions"}],"predecessor-version":[{"id":10492,"href":"https:\/\/apartmanymaliarik.sk\/sk_sk\/wp-json\/wp\/v2\/pages\/218\/revisions\/10492"}],"wp:attachment":[{"href":"https:\/\/apartmanymaliarik.sk\/sk_sk\/wp-json\/wp\/v2\/media?parent=218"}],"curies":[{"name":"wp","href":"https:\/\/api.w.org\/{rel}","templated":true}]}}