{"id":10114,"date":"2023-11-15T11:54:20","date_gmt":"2023-11-15T09:54:20","guid":{"rendered":"https:\/\/apartmanymaliarik.sk\/testimonials\/"},"modified":"2025-02-18T12:24:51","modified_gmt":"2025-02-18T10:24:51","slug":"pocasie","status":"publish","type":"page","link":"https:\/\/apartmanymaliarik.sk\/sk_sk\/pocasie\/","title":{"rendered":"PO\u010cASIE"},"content":{"rendered":"<section class=\"wpb-content-wrapper\"><div class=\"vc_row wpb_row vc_row-fluid\"><div class=\"wpb_column vc_column_container vc_col-sm-12\"><div class=\"vc_column-inner\"><div class=\"wpb_wrapper\">\n\t<div class=\"wpb_text_column wpb_content_element \" >\n\t\t<div class=\"wpb_wrapper\">\n\t\t\t<p><a class=\"weatherwidget-io\" href=\"https:\/\/forecast7.com\/sk\/48d9719d58\/demanovska-dolina\/\" data-label_1=\"DEM\u00c4NOVSK\u00c1 DOLINA\" data-label_2=\"PO\u010cASIE\" data-icons=\"Climacons Animated\" data-days=\"5\" data-theme=\"original\" >DEM\u00c4NOVSK\u00c1 DOLINA PO\u010cASIE<\/a><br \/>\n<script>\n!function(d,s,id){var js,fjs=d.getElementsByTagName(s)[0];if(!d.getElementById(id)){js=d.createElement(s);js.id=id;js.src='https:\/\/weatherwidget.io\/js\/widget.min.js';fjs.parentNode.insertBefore(js,fjs);}}(document,'script','weatherwidget-io-js');\n<\/script><\/p>\n\n\t\t<\/div>\n\t<\/div>\n<\/div><\/div><\/div><\/div><div class=\"vc_row wpb_row vc_row-fluid\"><div class=\"wpb_column vc_column_container vc_col-sm-12\"><div class=\"vc_column-inner\"><div class=\"wpb_wrapper\"><\/div><\/div><\/div><\/div><div class=\"vc_row wpb_row vc_row-fluid\"><div class=\"wpb_column vc_column_container vc_col-sm-12\"><div class=\"vc_column-inner\"><div class=\"wpb_wrapper\">\n\t<div  class=\"wpb_single_image wpb_content_element vc_align_center  wpb_animate_when_almost_visible wpb_zoomInLeft zoomInLeft\">\n\t\t<h2 class=\"wpb_heading wpb_singleimage_heading\">Aktu\u00e1lne z\u00e1bery z online kamier n\u00e1jdete tu:<\/h2>\n\t\t<figure class=\"wpb_wrapper vc_figure\">\n\t\t\t<a href=\"https:\/\/www.jasna.sk\/stredisko\/info-o-stredisku\/webkamery\" target=\"_blank\" class=\"vc_single_image-wrapper vc_box_border_circle  vc_box_border_grey\"><img loading=\"lazy\" decoding=\"async\" class=\"vc_single_image-img \" src=\"https:\/\/apartmanymaliarik.sk\/wp-content\/uploads\/2025\/02\/webkamery-198x198.png\" width=\"198\" height=\"198\" alt=\"webkamery\" title=\"webkamery\" \/><\/a>\n\t\t<\/figure>\n\t<\/div>\n<\/div><\/div><\/div><\/div><div class=\"vc_row wpb_row vc_row-fluid\"><div class=\"wpb_column vc_column_container vc_col-sm-12\"><div class=\"vc_column-inner\"><div class=\"wpb_wrapper\">\n\t<div class=\"wpb_text_column wpb_content_element \" >\n\t\t<div class=\"wpb_wrapper\">\n\t\t\t<p style=\"text-align: center;\"><a href=\"https:\/\/www.jasna.sk\/stredisko\/info-o-stredisku\/webkamery\">https:\/\/www.jasna.sk\/stredisko\/info-o-stredisku\/webkamery<\/a><\/p>\n\n\t\t<\/div>\n\t<\/div>\n<\/div><\/div><\/div><\/div>\n<\/section>","protected":false},"excerpt":{"rendered":"DEM\u00c4NOVSK\u00c1 DOLINA PO\u010cASIE Aktu\u00e1lne z\u00e1bery z online kamier n\u00e1jdete tu: https:\/\/www.jasna.sk\/stredisko\/info-o-stredisku\/webkamery<a href=\"https:\/\/apartmanymaliarik.sk\/sk_sk\/pocasie\/\" class=\"sohohotel-more-link\">Read More<\/a>","protected":false},"author":1,"featured_media":0,"parent":0,"menu_order":0,"comment_status":"closed","ping_status":"closed","template":"","meta":{"footnotes":""},"class_list":["post-10114","page","type-page","status-publish","hentry"],"_links":{"self":[{"href":"https:\/\/apartmanymaliarik.sk\/sk_sk\/wp-json\/wp\/v2\/pages\/10114","targetHints":{"allow":["GET"]}}],"collection":[{"href":"https:\/\/apartmanymaliarik.sk\/sk_sk\/wp-json\/wp\/v2\/pages"}],"about":[{"href":"https:\/\/apartmanymaliarik.sk\/sk_sk\/wp-json\/wp\/v2\/types\/page"}],"author":[{"embeddable":true,"href":"https:\/\/apartmanymaliarik.sk\/sk_sk\/wp-json\/wp\/v2\/users\/1"}],"replies":[{"embeddable":true,"href":"https:\/\/apartmanymaliarik.sk\/sk_sk\/wp-json\/wp\/v2\/comments?post=10114"}],"version-history":[{"count":6,"href":"https:\/\/apartmanymaliarik.sk\/sk_sk\/wp-json\/wp\/v2\/pages\/10114\/revisions"}],"predecessor-version":[{"id":10677,"href":"https:\/\/apartmanymaliarik.sk\/sk_sk\/wp-json\/wp\/v2\/pages\/10114\/revisions\/10677"}],"wp:attachment":[{"href":"https:\/\/apartmanymaliarik.sk\/sk_sk\/wp-json\/wp\/v2\/media?parent=10114"}],"curies":[{"name":"wp","href":"https:\/\/api.w.org\/{rel}","templated":true}]}}