{"id":10080,"date":"2023-11-15T11:54:18","date_gmt":"2023-11-15T09:54:18","guid":{"rendered":"https:\/\/apartmanymaliarik.sk\/contact-us-i\/"},"modified":"2025-10-14T13:25:10","modified_gmt":"2025-10-14T11:25:10","slug":"kontaktujte-nas","status":"publish","type":"page","link":"https:\/\/apartmanymaliarik.sk\/sk_sk\/kontaktujte-nas\/","title":{"rendered":"KONTAKT"},"content":{"rendered":"<section class=\"wpb-content-wrapper\"><div class=\"vc_row wpb_row vc_row-fluid sohohotel-content-wrapper-vc\"><div class=\"wpb_column vc_column_container vc_col-sm-6\"><div class=\"vc_column-inner\"><div class=\"wpb_wrapper\">\n\t<div class=\"wpb_text_column wpb_content_element \" >\n\t\t<div class=\"wpb_wrapper\">\n\t\t\t<p><iframe loading=\"lazy\" style=\"border: 0;\" src=\"https:\/\/www.google.com\/maps\/embed?pb=!1m18!1m12!1m3!1d2619.4571184357956!2d19.58341561373903!3d48.96382221628022!2m3!1f0!2f0!3f0!3m2!1i1024!2i768!4f13.1!3m3!1m2!1s0x4715766513733fbb%3A0x6c664808378d29b3!2sAPARTM%C3%81NY%20MALIARIK!5e0!3m2!1ssk!2ssk!4v1731665045053!5m2!1ssk!2ssk\" width=\"100%\" height=\"600\" allowfullscreen=\"allowfullscreen\"><\/iframe><\/p>\n\n\t\t<\/div>\n\t<\/div>\n<\/div><\/div><\/div><div class=\"wpb_column vc_column_container vc_col-sm-6\"><div class=\"vc_column-inner\"><div class=\"wpb_wrapper\"><h3 class=\"sohohotel-title-20px sohohotel-clearfix sohohotel-title-left\">Kontakt<\/h3><ul class=\"sohohotel-contact-details-list\"><li class=\"sohohotel-address clearfix\">Dem\u00e4novsk\u00e1 Dolina 316<\/li><li class=\"sohohotel-phone clearfix\"><a href=\"tel:+421911246026\">+421 911 246 026<\/a><\/li><li class=\"sohohotel-email clearfix\"><a href=\"mailto:info@apartmanymaliarik.sk\">info@apartmanymaliarik.sk<\/a><\/li><\/ul><h3 class=\"sohohotel-title-20px sohohotel-clearfix sohohotel-title-left\">Prev\u00e1dzkovate\u013e:<\/h3>\n\t<div class=\"wpb_text_column wpb_content_element \" >\n\t\t<div class=\"wpb_wrapper\">\n\t\t\t<p>LUXURYCLEANLM-LUK\u00c1\u0160 JANEK<br \/>\nJ.D.Matejovie 554\/9, 03301 Liptovsk\u00fd Hr\u00e1dok<br \/>\nI\u010cO: 45636052<br \/>\nDI\u010c: 1075921363<br \/>\nLuk\u00e1\u0161 Janek, tel.: +421 911 246 026<\/p>\n\n\t\t<\/div>\n\t<\/div>\n<h3 class=\"sohohotel-title-20px sohohotel-clearfix sohohotel-title-left\">Majite\u013e:<\/h3>\n\t<div class=\"wpb_text_column wpb_content_element \" >\n\t\t<div class=\"wpb_wrapper\">\n\t\t\t<p>DDolina, s.r.o.<br \/>\nDem\u00e4novsk\u00e1 Dolina 316, 031 01<br \/>\nI\u010cO:\u00a0\u00a0\u00a0\u00a0\u00a0\u00a0 36373877<br \/>\nI\u010c DPH: SK2021352751<br \/>\nMartin Barbierik, konate\u013e +421 905 313 333<\/p>\n\n\t\t<\/div>\n\t<\/div>\n<div class=\"vc_empty_space\"   style=\"height: 35px\"><span class=\"vc_empty_space_inner\"><\/span><\/div><div class=\"vc_empty_space\"   style=\"height: 70px\"><span class=\"vc_empty_space_inner\"><\/span><\/div><\/div><\/div><\/div><\/div>\n<\/section>","protected":false},"excerpt":{"rendered":"KontaktDem\u00e4novsk\u00e1 Dolina 316+421 911 246 026info@apartmanymaliarik.skPrev\u00e1dzkovate\u013e: LUXURYCLEANLM-LUK\u00c1\u0160 JANEK J.D.Matejovie 554\/9, 03301 Liptovsk\u00fd Hr\u00e1dok I\u010cO: 45636052 DI\u010c: 1075921363 Luk\u00e1\u0161 Janek, tel.: +421 911 246 026 Majite\u013e: DDolina, s.r.o. Dem\u00e4novsk\u00e1 Dolina 316, 031 01 I\u010cO:\u00a0\u00a0\u00a0\u00a0\u00a0\u00a0 36373877 I\u010c DPH: SK2021352751 Martin Barbierik, konate\u013e +421 905 313 333<a href=\"https:\/\/apartmanymaliarik.sk\/sk_sk\/kontaktujte-nas\/\" class=\"sohohotel-more-link\">Read More<\/a>","protected":false},"author":1,"featured_media":0,"parent":0,"menu_order":0,"comment_status":"closed","ping_status":"closed","template":"","meta":{"footnotes":""},"class_list":["post-10080","page","type-page","status-publish","hentry"],"_links":{"self":[{"href":"https:\/\/apartmanymaliarik.sk\/sk_sk\/wp-json\/wp\/v2\/pages\/10080","targetHints":{"allow":["GET"]}}],"collection":[{"href":"https:\/\/apartmanymaliarik.sk\/sk_sk\/wp-json\/wp\/v2\/pages"}],"about":[{"href":"https:\/\/apartmanymaliarik.sk\/sk_sk\/wp-json\/wp\/v2\/types\/page"}],"author":[{"embeddable":true,"href":"https:\/\/apartmanymaliarik.sk\/sk_sk\/wp-json\/wp\/v2\/users\/1"}],"replies":[{"embeddable":true,"href":"https:\/\/apartmanymaliarik.sk\/sk_sk\/wp-json\/wp\/v2\/comments?post=10080"}],"version-history":[{"count":7,"href":"https:\/\/apartmanymaliarik.sk\/sk_sk\/wp-json\/wp\/v2\/pages\/10080\/revisions"}],"predecessor-version":[{"id":10765,"href":"https:\/\/apartmanymaliarik.sk\/sk_sk\/wp-json\/wp\/v2\/pages\/10080\/revisions\/10765"}],"wp:attachment":[{"href":"https:\/\/apartmanymaliarik.sk\/sk_sk\/wp-json\/wp\/v2\/media?parent=10080"}],"curies":[{"name":"wp","href":"https:\/\/api.w.org\/{rel}","templated":true}]}}