{"id":84,"date":"2015-11-18T12:56:57","date_gmt":"2015-11-18T10:56:57","guid":{"rendered":"http:\/\/apartmanymaliarik.sk\/?page_id=84"},"modified":"2025-02-07T12:49:52","modified_gmt":"2025-02-07T10:49:52","slug":"ubytovanie","status":"publish","type":"page","link":"https:\/\/apartmanymaliarik.sk\/en\/ubytovanie\/","title":{"rendered":"APARTMENT OFFER"},"content":{"rendered":"<section class=\"wpb-content-wrapper\"><div class=\"vc_row wpb_row vc_row-fluid\"><div class=\"wpb_column vc_column_container vc_col-sm-12\"><div class=\"vc_column-inner\"><div class=\"wpb_wrapper\">\n\t<div class=\"wpb_text_column wpb_content_element\" >\n\t\t<div class=\"wpb_wrapper\">\n\t\t\t<p>We offer simple accommodation all year round in five apartments with a total capacity of 25 beds including extra beds. All apartments are furnished in the same way. Each has 42m2 + 5m2 balcony facing west with a view of the peaks of the surrounding hills.<br \/>\nYou can enjoy comfort in two barrier-free and three classic apartments with a capacity for 4 to 5 people. Bedroom with a large double bed and the possibility of an extra bed. Living room connected to the kitchen and balcony. Two beds in the form of a sofa bed, possibility of renting a cot. To prepare delicious meals, there is a fully equipped kitchen with a ceramic hob, refrigerator, microwave, kettle, toaster and Dolce Gusto coffee machine (just bring capsules), complete kitchenware and dining area. Bathroom with toilet and barrier-free shower.<br \/>\nA ski room or bicycle storage room with lockers for skis and snowboards is available for safe storage of sports equipment. A sun terrace with a gazebo for all apartments provides pleasant seating in both summer and winter.<br \/>\nThe perfect atmosphere is provided by a private wellness area with a hot tub, Finnish sauna and relaxation area.<br \/>\nFree parking directly at the accommodation.<br \/>\nIn the immediate vicinity of the accommodation there are several all-day dining options, ski school services, and souvenir and sporting goods shops.<\/p>\n<p><strong>APARTMENT EQUIPMENT<br \/>\n<\/strong>\u2013 Hallway \u2013 wardrobe, coat rack, mirror<br \/>\n\u2013 Bathroom \u2013 toilet and shower, radiator, shelves, hairdryer, cleaning supplies<br \/>\n\u2013 Bedroom \u2013 double bed, roller door, work desk, chair<br \/>\n\u2013 Living room \u2013 sofa bed for 2 people, furniture, TV<br \/>\n\u2013 Kitchen \u2013 table with four chairs, electric hob, microwave, kettle, refrigerator, toaster, thermos, Dolce Gusto coffee maker, kitchen utensils and complete cooking equipment<br \/>\n\u2013 Balcony \u2013 small table with two chairs<\/p>\n\n\t\t<\/div>\n\t<\/div>\n<\/div><\/div><\/div><\/div><div class=\"vc_row wpb_row vc_row-fluid\"><div class=\"wpb_column vc_column_container vc_col-sm-12\"><div class=\"vc_column-inner\"><div class=\"wpb_wrapper\">\n\t<div  class=\"wpb_single_image wpb_content_element vc_align_center  vc_custom_1738925363737\">\n\t\t\n\t\t<figure class=\"wpb_wrapper vc_figure\">\n\t\t\t<div class=\"vc_single_image-wrapper   vc_box_border_grey\"><img loading=\"lazy\" decoding=\"async\" width=\"1000\" height=\"666\" src=\"https:\/\/apartmanymaliarik.sk\/wp-content\/uploads\/2025\/02\/booking-oznacenie.jpg\" class=\"vc_single_image-img attachment-large\" alt=\"\" title=\"booking-oznacenie\" srcset=\"https:\/\/apartmanymaliarik.sk\/wp-content\/uploads\/2025\/02\/booking-oznacenie.jpg 1000w, https:\/\/apartmanymaliarik.sk\/wp-content\/uploads\/2025\/02\/booking-oznacenie-300x200.jpg 300w, https:\/\/apartmanymaliarik.sk\/wp-content\/uploads\/2025\/02\/booking-oznacenie-768x511.jpg 768w, https:\/\/apartmanymaliarik.sk\/wp-content\/uploads\/2025\/02\/booking-oznacenie-18x12.jpg 18w, https:\/\/apartmanymaliarik.sk\/wp-content\/uploads\/2025\/02\/booking-oznacenie-100x67.jpg 100w, https:\/\/apartmanymaliarik.sk\/wp-content\/uploads\/2025\/02\/booking-oznacenie-600x400.jpg 600w\" sizes=\"auto, (max-width: 1000px) 100vw, 1000px\" \/><\/div>\n\t\t<\/figure>\n\t<\/div>\n<\/div><\/div><\/div><\/div>\n<\/section>","protected":false},"excerpt":{"rendered":"Celoro\u010dne V\u00e1m pon\u00fakame jednoduch\u00e9 ubytovanie v piatich apartm\u00e1noch s celkovou kapacitou 25 l\u00f4\u017eok vr\u00e1tane pr\u00edsteliek. V\u0161etky apartm\u00e1ny s\u00fa rovnako zariaden\u00e9. Ka\u017ed\u00fd m\u00e1 42m2 + 5m2 balk\u00f3n orientovan\u00fd na z\u00e1pad s\u00a0v\u00fdh\u013eadom na vrcholy okolit\u00fdch kopcov. Pohodlie si m\u00f4\u017eete dopria\u0165 v dvoch bezbari\u00e9rov\u00fdch a troch klasick\u00fdch apartm\u00e1noch s kapacitou pre 4 a\u017e 5 os\u00f4b. Sp\u00e1l\u0148a s ve\u013ekou<a href=\"https:\/\/apartmanymaliarik.sk\/en\/ubytovanie\/\" class=\"sohohotel-more-link\">Read More<\/a>","protected":false},"author":1,"featured_media":0,"parent":0,"menu_order":0,"comment_status":"closed","ping_status":"closed","template":"","meta":{"footnotes":""},"class_list":["post-84","page","type-page","status-publish","hentry"],"_links":{"self":[{"href":"https:\/\/apartmanymaliarik.sk\/en\/wp-json\/wp\/v2\/pages\/84","targetHints":{"allow":["GET"]}}],"collection":[{"href":"https:\/\/apartmanymaliarik.sk\/en\/wp-json\/wp\/v2\/pages"}],"about":[{"href":"https:\/\/apartmanymaliarik.sk\/en\/wp-json\/wp\/v2\/types\/page"}],"author":[{"embeddable":true,"href":"https:\/\/apartmanymaliarik.sk\/en\/wp-json\/wp\/v2\/users\/1"}],"replies":[{"embeddable":true,"href":"https:\/\/apartmanymaliarik.sk\/en\/wp-json\/wp\/v2\/comments?post=84"}],"version-history":[{"count":7,"href":"https:\/\/apartmanymaliarik.sk\/en\/wp-json\/wp\/v2\/pages\/84\/revisions"}],"predecessor-version":[{"id":10527,"href":"https:\/\/apartmanymaliarik.sk\/en\/wp-json\/wp\/v2\/pages\/84\/revisions\/10527"}],"wp:attachment":[{"href":"https:\/\/apartmanymaliarik.sk\/en\/wp-json\/wp\/v2\/media?parent=84"}],"curies":[{"name":"wp","href":"https:\/\/api.w.org\/{rel}","templated":true}]}}