{"id":349,"date":"2017-01-13T10:46:10","date_gmt":"2017-01-13T08:46:10","guid":{"rendered":"http:\/\/apartmanymaliarik.sk\/?page_id=349"},"modified":"2023-11-15T12:52:10","modified_gmt":"2023-11-15T10:52:10","slug":"ubytovaci-poriadok","status":"publish","type":"page","link":"https:\/\/apartmanymaliarik.sk\/en\/ubytovaci-poriadok\/","title":{"rendered":"UBYTOVAC\u00cd PORIADOK"},"content":{"rendered":"<ol>\n<li style=\"text-align: justify;\">V\u00a0apartm\u00e1noch m\u00f4\u017ee by\u0165 ubytovan\u00fd v\u00fdlu\u010dne hos\u0165, ktor\u00fd je na ubytovanie riadne prihl\u00e1sen\u00fd. Pri n\u00e1stupe na pobyt je hos\u0165 povinn\u00fd preuk\u00e1za\u0165 sa platn\u00fdm identifika\u010dn\u00fdm dokladom &#8211; ob\u010diansky preukaz, cestovn\u00fd pas alebo in\u00fd platn\u00fd doklad toto\u017enosti.<\/li>\n<li style=\"text-align: justify;\">Ubytovanie v s\u00fakrom\u00ed poskytuje ubytovan\u00fdm hos\u0165om slu\u017eby v rozsahu pr\u00edslu\u0161nej kateg\u00f3rie.<\/li>\n<li style=\"text-align: justify;\">Obsadenie apartm\u00e1nu je mo\u017en\u00e9 v de\u0148 n\u00e1stupu <strong>po 14:00<\/strong>, uvo\u013enenie apartm\u00e1nu je v de\u0148 odchodu <strong>do 10:00<\/strong>. Ak hos\u0165 neuvo\u013en\u00ed ubytovanie v stanovenom \u010dase, je ubytovacie zariadenie opr\u00e1vnen\u00e9 \u00fa\u010dtova\u0165 ubytovanie za nasleduj\u00faci de\u0148.<\/li>\n<li style=\"text-align: justify;\">Pri prihl\u00e1sen\u00ed ubytovan\u00fd zlo\u017e\u00ed vratn\u00fa kauciu <strong>100\u20ac<\/strong> za apartm\u00e1n pre pr\u00edpad zni\u010denia vec\u00ed, po\u0161kodenia apartm\u00e1nu. Ubytovate\u013e vykon\u00e1 pri odchode klienta za jeho pr\u00edtomnosti kontrolu ubytovac\u00edch priestorov. V\u00a0pr\u00edpade, \u017ee zariadenie je v\u00a0stave a\u00a0rozsahu ako pri n\u00e1stupe na pobyt, je hos\u0165ovi pri odchode vr\u00e1ten\u00e1 kaucia. V\u00a0pr\u00edpade, \u017ee zariadenie bolo po\u0161koden\u00e9 alebo ch\u00fdba, je t\u00e1to hodnota zariadenia odpo\u010d\u00edtan\u00e1 z\u00a0kaucie klienta, pr\u00edpadne \u017eiadan\u00fd doplatok do skuto\u010dnej hodnoty.<\/li>\n<li style=\"text-align: justify;\">Ubytovate\u013e je povinn\u00fd odovzda\u0165 hos\u0165ovi apartm\u00e1n v\u00a0stave sp\u00f4sobilom na riadne u\u017e\u00edvanie a\u00a0neru\u0161en\u00fd pobyt pod\u013ea dohody. V\u00a0s\u00falade s\u00a0kateg\u00f3riou ubytovacieho zariadenia je pr\u00e1dlo vymie\u0148an\u00e9 raz za sedem dn\u00ed. \u0160tandardne, ak pobyt trv\u00e1 sedem a\u00a0menej dn\u00ed, ubytovate\u013e nezabezpe\u010duje upratovanie apartm\u00e1nu a\u00a0vyn\u00e1\u0161anie smet\u00ed po\u010das pobytu hos\u0165a.<\/li>\n<li style=\"text-align: justify;\">V\u00a0r\u00e1mci bezpe\u010dnosti je ubytovan\u00fd <strong>povinn\u00fd uzamk\u00fdna\u0165<\/strong> vstupy do objektu, stojany na ly\u017ee, apartm\u00e1n zabezpe\u010di\u0165 alarmom. Strata k\u013e\u00fa\u010da bude vysporiadan\u00e1 z\u00a0kaucie<strong>, <\/strong>pr\u00edpadne \u017eiadan\u00fd doplatok do skuto\u010dnej hodnoty.<\/li>\n<li style=\"text-align: justify;\">V \u010dase od 22:00 do 6:00 je v\u00a0ubytovacom zariaden\u00ed <strong>no\u010dn\u00fd k\u013eud<\/strong>, ktor\u00fd je ubytovan\u00fd povinn\u00fd dodr\u017eiava\u0165.<\/li>\n<li style=\"text-align: justify;\">V ubytovacom zariaden\u00ed je pr\u00edsne <strong>zak\u00e1zan\u00e9 faj\u010di\u0165<\/strong>. Poru\u0161enie tohto z\u00e1kazu sa pokutuje sumou 100\u20ac.<\/li>\n<li style=\"text-align: justify;\">Prev\u00e1dzkovate\u013e ubytovacieho zariadenia <strong>nezodpoved\u00e1 <\/strong>za veci ubytovan\u00fdmi hos\u0165ami vnesen\u00e9 do objektu, priestorov ur\u010den\u00fdch na ubytovanie alebo na ulo\u017eenie vec\u00ed.<\/li>\n<li style=\"text-align: justify;\">V pr\u00edpade ak\u00fdchko\u013evek \u0161k\u00f4d, ktor\u00e9 vznikn\u00fa neoh\u013eadupln\u00fdm zaobch\u00e1dzan\u00edm s vecami nach\u00e1dzaj\u00facimi \u00a0sa v priestoroch objektu a jeho zariaden\u00edm, je ubytovan\u00fd povinn\u00fd \u0161kodu nahl\u00e1si\u0165 a primerane zn\u00e1\u0161a\u0165 n\u00e1klady, ktor\u00e9 vznikn\u00fa ubytovate\u013eovi pri ich odstra\u0148ovan\u00ed.<\/li>\n<li style=\"text-align: justify;\">Ubytovate\u013e si vyhradzuje pr\u00e1vo ukon\u010di\u0165 pobyt hos\u0165a bez n\u00e1roku na n\u00e1hradu za ubytovanie v pr\u00edpade, ak ubytovan\u00fd v ubytovacom zariaden\u00ed poru\u0161uje dobr\u00e9 mravy alebo inak poru\u0161uje ubytovac\u00ed poriadok.<\/li>\n<li style=\"text-align: justify;\">Ubytovate\u013e m\u00f4\u017ee vo v\u00fdnimo\u010dn\u00fdch pr\u00edpadoch poskytn\u00fa\u0165 hos\u0165ovi in\u00e9 ubytovanie ne\u017e bolo dohodnut\u00e9, pokia\u013e sa podstatne nel\u00ed\u0161i od potvrdenej objedn\u00e1vky.<\/li>\n<li style=\"text-align: justify;\">Ak ubytovan\u00fd po\u017eiada o\u00a0pred\u013a\u017eenie pobytu, m\u00f4\u017ee mu ubytovate\u013e poskytn\u00fa\u0165 aj in\u00fd apartm\u00e1n ako ten, v\u00a0ktorom bol p\u00f4vodne ubytovan\u00fd.<\/li>\n<li style=\"text-align: justify;\">Ubytovan\u00fd s\u00fahlas\u00ed s t\u00fdm, \u017ee do jeho apartm\u00e1nu po\u010das doby trvania jeho pobytu <strong>m\u00e1 pr\u00e1vo vst\u00fapi\u0165<\/strong> za \u00fa\u010delom vykonania\u00a0 svojich slu\u017eobn\u00fdch povinnost\u00ed ubytovate\u013e, \u00fadr\u017eb\u00e1r, upratova\u010dka.<\/li>\n<li style=\"text-align: justify;\">O pr\u00edpadn\u00fdch n\u00e1v\u0161tev\u00e1ch v apartm\u00e1ne je ubytovan\u00fd povinn\u00fd vopred informova\u0165 ubytovate\u013ea a bud\u00fa mu umo\u017enen\u00e9 a\u017e po s\u00fahlase tohto pracovn\u00edka, pri\u010dom pr\u00edtomnos\u0165 n\u00e1v\u0161tevy v apartm\u00e1ne je povolen\u00e1 do 22:00. Ubytovate\u013e je opr\u00e1vnen\u00fd od takejto n\u00e1v\u0161tevy \u017eiada\u0165 identifika\u010dn\u00fd doklad. V\u00a0opr\u00e1vnen\u00fdch pr\u00edpadoch je ubytovate\u013e splnomocnen\u00fd n\u00e1v\u0161tevu neumo\u017eni\u0165.<\/li>\n<li style=\"text-align: justify;\">V apartm\u00e1ne, rovnako ako in\u00fdch priestoroch objektu ubytovan\u00fd nesmie premiest\u0148ova\u0165 zariadenie, vykon\u00e1va\u0165 opravy alebo ak\u00e9ko\u013evek z\u00e1sahy do elektrickej siete alebo inej in\u0161tal\u00e1cie.<\/li>\n<li style=\"text-align: justify;\">V objekte ubytovacieho zariadenia a osobitne v\u00a0apartm\u00e1ne nie je hos\u0165ovi povolen\u00e9 pou\u017e\u00edva\u0165 vlastn\u00e9 elektrick\u00e9 spotrebi\u010de. Toto sa net\u00fdka osobn\u00e9ho po\u010d\u00edta\u010da a elektrick\u00fdch spotrebi\u010dov sl\u00fa\u017eiacich k osobnej hygiene hos\u0165a.<\/li>\n<li style=\"text-align: justify;\"><strong>Pri odchode zhasne hos\u0165 v\u00a0apartm\u00e1ne svetl\u00e1, vypne v\u0161etky pou\u017e\u00edvan\u00e9 elektrospotrebi\u010de, uzavrie vodovodn\u00e9 uz\u00e1very a\u00a0v\u0161etky dvere a\u00a0k\u013e\u00fa\u010d odovzd\u00e1 ubytovate\u013eovi. Ubytovan\u00fd je povinn\u00fd vykona\u0165 z\u00e1kladne upratanie apartm\u00e1nu.<\/strong><\/li>\n<li style=\"text-align: justify;\">Accommodation <strong>zvierat <\/strong>nie je povolen\u00e9.<\/li>\n<li style=\"text-align: justify;\">Ubytovacie zariadenie zabezpe\u010d\u00ed na po\u017eiadanie pri n\u00e1hlom ochoren\u00ed alebo zranen\u00ed ubytovan\u00e9ho privolanie lek\u00e1rskej pomoci, pr\u00edpadne prevoz do nemocnice.<\/li>\n<li style=\"text-align: justify;\">Z\u00a0bezpe\u010dnostn\u00fdch d\u00f4vodov nie je vhodn\u00e9 ponech\u00e1va\u0165 deti do 10 rokov bez dozoru dospel\u00fdch ani v\u00a0apartm\u00e1ne, ani v\u00a0ostatn\u00fdch\u00a0priestoroch objektu. Za ka\u017ed\u00fdch okolnost\u00ed zodpoved\u00e1 za die\u0165a osoba, s\u00a0ktorou je die\u0165a prihl\u00e1sen\u00e9 na pobyt.<\/li>\n<li style=\"text-align: justify;\">Ubytovan\u00fdm nie je dovolen\u00e9 bra\u0165 do izieb \u0161portov\u00e9 n\u00e1radie a\u00a0predmety, ak je na ich \u00faschovu vyhraden\u00e9 in\u00e9 miesto \u2013 na <strong>pr\u00edzem\u00ed ly\u017eiare\u0148, police na ly\u017eiarky<\/strong>.<\/li>\n<li style=\"text-align: justify;\">S\u0165a\u017enosti ubytovan\u00fdch host\u00ed a\u00a0pr\u00edpadn\u00e9 n\u00e1vrhy na zlep\u0161enie prev\u00e1dzky ubytovacieho zariadenia prij\u00edma prev\u00e1dzkovate\u013e. <strong>Kniha prian\u00ed a\u00a0s\u0165a\u017enost\u00ed a\u00a0Reklama\u010dn\u00fd poriadok je k\u00a0dispoz\u00edcii u ubytovate\u013ea<\/strong>.<\/li>\n<li style=\"text-align: justify;\">Ak si hos\u0165 objedn\u00e1 pobyt a\u00a0z\u00a0r\u00f4znych pr\u00ed\u010din mus\u00ed n\u00e1hle odis\u0165, objednan\u00e9 slu\u017eby mu bud\u00fa \u00fa\u010dtovan\u00e9 v\u00a0plnej cene aj v\u00a0pr\u00edpade, ke\u010f ich neu\u017eije.<\/li>\n<li style=\"text-align: justify;\">Na parkovanie je pre jeden apartm\u00e1n vyhraden\u00e9 jedno miesto. Ubytovan\u00fd je povinn\u00fd parkovisko v\u017edy uzatvori\u0165 retiazkou.<\/li>\n<li style=\"text-align: justify;\">V\u00a0objekte je na vidite\u013enom a\u00a0ubytovan\u00fdm hos\u0165om pr\u00edstupnom mieste vyvesen\u00fd <strong>po\u017eiarny poriadok<\/strong>. Ubytovan\u00ed hostia s\u00fa povinn\u00ed riadi\u0165 sa pri svojom pobyte t\u00fdmto po\u017eiarnym poriadkom.<\/li>\n<li style=\"text-align: justify;\"><strong>Ubytovate\u013e nezodpoved\u00e1 za stratu a\u00a0po\u0161kodenie vec\u00ed ulo\u017een\u00fdch v\u00a0apartm\u00e1ne ani v\u00a0celom objekte.<\/strong><\/li>\n<\/ol>\n<p style=\"text-align: justify;\">Ubytovac\u00ed poriadok plat\u00ed od 1.1.2016<\/p>","protected":false},"excerpt":{"rendered":"<p>V\u00a0apartm\u00e1noch m\u00f4\u017ee by\u0165 ubytovan\u00fd v\u00fdlu\u010dne hos\u0165, ktor\u00fd je na ubytovanie riadne prihl\u00e1sen\u00fd. Pri n\u00e1stupe na pobyt je hos\u0165 povinn\u00fd preuk\u00e1za\u0165 sa platn\u00fdm identifika\u010dn\u00fdm dokladom &#8211; ob\u010diansky preukaz, cestovn\u00fd pas alebo in\u00fd platn\u00fd doklad toto\u017enosti. Ubytovanie v s\u00fakrom\u00ed poskytuje ubytovan\u00fdm hos\u0165om slu\u017eby v rozsahu pr\u00edslu\u0161nej kateg\u00f3rie. Obsadenie apartm\u00e1nu je mo\u017en\u00e9 v de\u0148 n\u00e1stupu po 14:00, uvo\u013enenie<\/p>\n<a href=\"https:\/\/apartmanymaliarik.sk\/en\/ubytovaci-poriadok\/\" class=\"sohohotel-more-link\">Read More<\/a>","protected":false},"author":1,"featured_media":0,"parent":0,"menu_order":0,"comment_status":"closed","ping_status":"closed","template":"","meta":{"footnotes":""},"class_list":["post-349","page","type-page","status-publish","hentry"],"_links":{"self":[{"href":"https:\/\/apartmanymaliarik.sk\/en\/wp-json\/wp\/v2\/pages\/349","targetHints":{"allow":["GET"]}}],"collection":[{"href":"https:\/\/apartmanymaliarik.sk\/en\/wp-json\/wp\/v2\/pages"}],"about":[{"href":"https:\/\/apartmanymaliarik.sk\/en\/wp-json\/wp\/v2\/types\/page"}],"author":[{"embeddable":true,"href":"https:\/\/apartmanymaliarik.sk\/en\/wp-json\/wp\/v2\/users\/1"}],"replies":[{"embeddable":true,"href":"https:\/\/apartmanymaliarik.sk\/en\/wp-json\/wp\/v2\/comments?post=349"}],"version-history":[{"count":3,"href":"https:\/\/apartmanymaliarik.sk\/en\/wp-json\/wp\/v2\/pages\/349\/revisions"}],"predecessor-version":[{"id":10316,"href":"https:\/\/apartmanymaliarik.sk\/en\/wp-json\/wp\/v2\/pages\/349\/revisions\/10316"}],"wp:attachment":[{"href":"https:\/\/apartmanymaliarik.sk\/en\/wp-json\/wp\/v2\/media?parent=349"}],"curies":[{"name":"wp","href":"https:\/\/api.w.org\/{rel}","templated":true}]}}