{"id":299,"date":"2017-01-11T10:21:14","date_gmt":"2017-01-11T08:21:14","guid":{"rendered":"http:\/\/apartmanymaliarik.sk\/?page_id=299"},"modified":"2025-01-31T12:34:35","modified_gmt":"2025-01-31T10:34:35","slug":"celorocne-aktivity","status":"publish","type":"page","link":"https:\/\/apartmanymaliarik.sk\/en\/aktivity\/celorocne-aktivity\/","title":{"rendered":"YEAR-ROUND ACTIVITIES"},"content":{"rendered":"<section class=\"wpb-content-wrapper\"><div class=\"vc_row wpb_row vc_row-fluid\"><div class=\"wpb_column vc_column_container vc_col-sm-12\"><div class=\"vc_column-inner\"><div class=\"wpb_wrapper\">\n\t<div class=\"wpb_text_column wpb_content_element\" >\n\t\t<div class=\"wpb_wrapper\">\n\t\t\t<p style=\"text-align: justify;\" class=\"translation-block\"><strong><em>NATURE<br>\n<\/em><\/strong>Among the most beautiful tourist destinations that you can visit in the Low Tatras are: <strong>Chopok<\/strong> (2024 m.a.s.l.), <strong>\u010eumbier<\/strong> (2043 m.a.s.l.) and <strong>Kr\u00e1\u013eova ho\u013ea<\/strong> (1948 m.a.s.l.). We can classify them as physically demanding, but the <strong>view<\/strong> from their summit is definitely worth the effort. If you are a fit tourist, you can plan a hike along the <strong>ridge<\/strong> in the west-east direction, or vice versa. One of the most beautiful natural monuments of the Low Tatras is <strong>Vrbick\u00e9 pleso<\/strong>. It is located at an altitude of 1113 m.a.s.l. in the western part of Dem\u00e4novsk\u00e1 Dolina. It was formed during the melting of a <strong>glacier<\/strong> on the northern slopes of Chopok and Dere\u0161. It is a <strong>moraine lake<\/strong>, which means that it was formed in a part that was hollowed out by a moraine (rock debris). When the ice melted, the water accumulated in this part and was later fenced off with other natural materials. That is why we classify Vrbick\u00e9 pleso among fenced and moraine lakes, which are typical for their large area, shallow depth and picturesque shores. This lake also proves this. It covers an area of \u200b\u200b0.69 ha, reaches a maximum depth of 8 m, and is 115 m long and 62 m wide. Vegetation (coniferous and deciduous trees) is gradually expanding on its banks and the surroundings are accessible by hiking trails. Since 1975, the lake has been protected as a natural monument with the highest, fifth, level of protection.<\/p>\n<p style=\"text-align: justify;\" class=\"translation-block\"><strong>MUSEUMS, MONUMENTS AND GALLERIES<br>\n<\/strong><strong><em>LIPTOV VILLAGE MUSEUM IN PRIBYLINA<br>\n<\/em><\/strong><strong>The open-air museum<\/strong> is the most visited exhibition of the Liptov Museum. In addition to the exhibition of the traditional way of life and employment of various social classes of Liptov in the past, the open-air museum has a permanent offer of program events according to the calendar. The objects come from several Liptov villages, mainly from the area flooded by the Liptovsk\u00e1 Mara dam. They are copies of original buildings with numerous original elements. In addition to wooden folk architecture, you can find reconstructions of two original medieval stone buildings here - the early Gothic church of Our Lady of Liptovsk\u00e1 Mara and the Gothic-Renaissance mansion from Par\u00ed\u017eovce.<\/p>\n<p style=\"text-align: justify;\" class=\"translation-block\"><strong><em>ARTICULARY CHURCH IN ST. CROSS<br>\n<\/em><\/strong>This all-wooden <strong>Evangelical church<\/strong> was transferred to the cadastre of the village of Sv\u00e4t\u00fd Kr\u00ed\u017e from Pal\u00fadza in 1974-1982. The ground plan of the church with a length of 43 m has the shape of a cross and can accommodate almost six thousand visitors. The interior contains a remarkable wooden Baroque altar from 1693 with a painting of the Transfiguration of Christ. The pulpit standing on a log foundation, as if supported by a Baroque angel in front, is also unique. The two-step choir galleries are decorated with biblical paintings, which, together with a large Venetian glass chandelier, complete the magical interior of the church. A freestanding wooden tower serving as a bell tower, which was added later, forms a harmonious whole with the church.<\/p>\n<p style=\"text-align: justify;\" class=\"translation-block\"><strong><em>HAVR\u00c1NOK<br>\n<\/em><\/strong><strong>Celtic site<\/strong> HAVR\u00c1NOK is located on the hill \u00dalo\u017eisk\u00e9 near the Liptovsk\u00e1 Mara reservoir. A settlement from the Early Iron Age (300-100 BC) was found here. In the 11th to 15th centuries, a Slavic wooden castle fortified with palisades stood here. The dwelling buildings, sacrificial sites, a furnace and various objects have been partially reconstructed and form an archaeological museum in nature. Furthermore, there are reconstructions of Celtic buildings, a reconstructed La T\u00e8ne wall and gate, a medieval defensive ditch, a bridge, a paved courtyard and the basement of a wooden, residential tower, and a medieval church is being reconstructed. Declared a national cultural monument in 1967.<\/p>\n<p style=\"text-align: justify;\" class=\"translation-block\"><strong><em>VLKOL\u00cdNEC<br>\n<\/em><\/strong>is a foothill settlement and the best-preserved <strong>folk architecture<\/strong> reserve in Slovakia. The purely wooden village has been a folk architecture monument reserve since 1977 and was inscribed on the UNESCO World Natural and Cultural Heritage List in December 1993. The first written mention is from 1376 as a street in the town of Ru\u017eomberok. It was founded as a settlement of woodcutters or charcoal burners. It is the only village in Slovakia not disturbed by new construction. The dominant feature of the village is the wooden bell tower. There are 45 original folk architecture buildings in the village, which form a remarkable architectural unity. The wooden houses and adjacent farm buildings are an ideally preserved image of a former Slovak mountain village with all its original character. It is a living open-air museum of Slovak mountain housing in its original location. The only brick building in the village is a small church.<\/p>\n<p style=\"text-align: justify;\" class=\"translation-block\"><strong><em>MILITARY CEMETERY<br>\n<\/em><\/strong>On the road between \u0160trba and Va\u017eec is one of the largest military <strong>cemeteries<\/strong> in Slovakia. It is a cemetery of German soldiers who fought in World War II. This place of reverence, where fallen soldiers dream their eternal dream, lies in the shadow of the Tatra peaks. The area is maintained all year round and was awarded the Slovak Prize for Architecture. Even though the men buried in this cemetery fought for ideals that were what they were, let this place be a memento for everyone.<\/p>\n<p style=\"text-align: justify;\" class=\"translation-block\"><strong><em>ROMAN CATHOLIC CHURCH OF SAINT NICHOLAS \u2013\u00a0<\/em><\/strong>the oldest <strong>architectural monument<\/strong> in the town of Liptovsk\u00fd Mikul\u00e1\u0161, the first written mention dates back to 1299.<\/p>\n<p style=\"text-align: justify;\" class=\"translation-block\"><strong><em>KOLOMAN SOKOL CENTRE \u2013\u00a0<\/em><\/strong>gallery of the prominent <strong>graphic artist and painter<\/strong>, a native of Mikul\u00e1\u0161, Koloman Sokol.<\/p>\n<p style=\"text-align: justify;\" class=\"translation-block\"><strong><em>JANK KR\u00c1\u013d MUSEUM \u2013\u00a0<\/em><\/strong>in the permanent exhibition \"Chapters from the history of the city of l. Mikul\u00e1\u0161\" presents the <strong>history<\/strong> of the city from the first written mention to 1945.<\/p>\n<p style=\"text-align: justify;\" class=\"translation-block\"><strong><em>ST. MIKULA\u0160'S TORTURE CHAMBER \u2013\u00a0<\/em><\/strong>exhibition depicting the \"suffering\" interrogation of the legendary <strong>robber<\/strong> Juraj J\u00e1no\u0161\u00edk in March 1713.<\/p>\n<p style=\"text-align: justify;\" class=\"translation-block\"><strong><em>SYNAGOGUE \u2013\u00a0<\/em><\/strong>the last monument of <strong>Jewish<\/strong> history in Liptovsk\u00fd Mikul\u00e1\u0161.<\/p>\n<p style=\"text-align: justify;\" class=\"translation-block\"><strong><em>LIPTOV MUSEUM \u2013 BLACK EAGLE \u2013\u00a0<\/em><\/strong>history of hunting and fishing in Liptov.<\/p>\n<p style=\"text-align: justify;\" class=\"translation-block\"><strong><em>SLOVENSK\u00c9 M\u00daZEUM OCHRANY P\u0159\u00edRODY AND SPELING \u2013\u00a0<\/em><\/strong>museum of Slovak <strong>cave wealth<\/strong>, minerals, Slovak fauna and flora.<strong><em>LIPTOV GALLERY OF PETR MICHAL BOH\u00da\u0147 \u2013\u00a0<\/em><\/strong>the third oldest gallery in Slovakia makes available <strong>works of art<\/strong> of old, modern and contemporary art.<\/p>\n<p style=\"text-align: justify;\"><strong><em>LIPTOVSK\u00c1 GAL\u00c9RIA PETRA MICHALA BOH\u00da\u0147A &#8211;\u00a0<\/em><\/strong>tretia najstar\u0161ia gal\u00e9ria na Slovensku spr\u00edstup\u0148uje <strong>umeleck\u00e9 diela<\/strong> star\u00e9ho, modern\u00e9ho i s\u00fa\u010dasn\u00e9ho umenia.<\/p>\n<p style=\"text-align: justify;\" class=\"translation-block\"><strong><em>\u013dUDOV\u00cdT FULLA GALLERY IN RU\u017dOMBERK \u2013\u00a0<\/em><\/strong>The gallery building was designed and built to preserve and make available to the public the <strong>work of art<\/strong> of \u013dudov\u00edt Fulla, which this artist donated to the state. The artist's studio and living spaces are also open to the public. In addition to the permanent exhibition of this author's work, the gallery annually hosts various short-term exhibitions of art works, cultural and educational programs for the public.<\/p>\n<p style=\"text-align: justify;\" class=\"translation-block\"><strong>HISTORICAL SALT ROUTE \u2013<\/strong> consists of artwork and text material. It presents the history of the salt trade and the routes by which this precious raw material arrived in Liptovsk\u00fd Hr\u00e1dek.<\/p>\n<p style=\"text-align: justify;\" class=\"translation-block\"><strong>BLADE PRINTING IN LIPTOV . <\/strong>history of blueprint printing as a guild craft in Liptov, presentation of folk clothing and home textiles from blueprints, exhibition of blueprint forms. Reconstruction of the workshop of the last master Daniel \u017di\u0161ka from H\u00fdby.<\/p>\n<p style=\"text-align: justify;\" class=\"translation-block\"><strong>BOBBIN LACE GALLERY \u2013 Liptov bobbin lace, characteristic patterns of cap lace, lace used in folk clothing and home textiles. Presentation of the Lace Road project.<\/p>\n<p style=\"text-align: justify;\" class=\"translation-block\"><strong>SHEPHERD HUSBANDRY EXHIBITION<br>\n<\/strong>The specialized exhibition of shepherding culture is built in the attic of a historical building. It has a supra-regional character and its goal is to present cultural traditions associated with traditional forms of sheep breeding. In addition to wooden hut buildings and utilitarian objects for processing sheep's milk, there are clothes and characteristic clothing accessories of shepherds from several regions of Slovakia. A separate section is the Gallery of Folk Art.<\/p>\n\n\t\t<\/div>\n\t<\/div>\n<\/div><\/div><\/div><\/div>\n<\/section>","protected":false},"excerpt":{"rendered":"PR\u00cdRODA Medzi najkraj\u0161ie turistick\u00e9 ciele, ktor\u00e9 m\u00f4\u017eete v N\u00edzkych Tatr\u00e1ch nav\u0161t\u00edvi\u0165 patria: Chopok (2024 m.n.m.), \u010eumbier (2043 m.n.m.) a Kr\u00e1\u013eova ho\u013ea (1948 m.n.m.). Zaradi\u0165 ich m\u00f4\u017eeme medzi fyzicky n\u00e1ro\u010dn\u00e9, ale v\u00fdh\u013ead z ich vrcholu ur\u010dite stoj\u00ed za t\u00fa n\u00e1mahu. Ak patr\u00edte medzi zdatn\u00fdch turistov m\u00f4\u017eete si napl\u00e1nova\u0165 t\u00faru po hrebeni v smere z\u00e1pad \u2013 v\u00fdchod,<a href=\"https:\/\/apartmanymaliarik.sk\/en\/aktivity\/celorocne-aktivity\/\" class=\"sohohotel-more-link\">Read More<\/a>","protected":false},"author":1,"featured_media":0,"parent":115,"menu_order":0,"comment_status":"closed","ping_status":"closed","template":"","meta":{"footnotes":""},"class_list":["post-299","page","type-page","status-publish","hentry"],"_links":{"self":[{"href":"https:\/\/apartmanymaliarik.sk\/en\/wp-json\/wp\/v2\/pages\/299","targetHints":{"allow":["GET"]}}],"collection":[{"href":"https:\/\/apartmanymaliarik.sk\/en\/wp-json\/wp\/v2\/pages"}],"about":[{"href":"https:\/\/apartmanymaliarik.sk\/en\/wp-json\/wp\/v2\/types\/page"}],"author":[{"embeddable":true,"href":"https:\/\/apartmanymaliarik.sk\/en\/wp-json\/wp\/v2\/users\/1"}],"replies":[{"embeddable":true,"href":"https:\/\/apartmanymaliarik.sk\/en\/wp-json\/wp\/v2\/comments?post=299"}],"version-history":[{"count":6,"href":"https:\/\/apartmanymaliarik.sk\/en\/wp-json\/wp\/v2\/pages\/299\/revisions"}],"predecessor-version":[{"id":10499,"href":"https:\/\/apartmanymaliarik.sk\/en\/wp-json\/wp\/v2\/pages\/299\/revisions\/10499"}],"up":[{"embeddable":true,"href":"https:\/\/apartmanymaliarik.sk\/en\/wp-json\/wp\/v2\/pages\/115"}],"wp:attachment":[{"href":"https:\/\/apartmanymaliarik.sk\/en\/wp-json\/wp\/v2\/media?parent=299"}],"curies":[{"name":"wp","href":"https:\/\/api.w.org\/{rel}","templated":true}]}}